{"id":15,"date":"2026-04-23T15:22:54","date_gmt":"2026-04-23T13:22:54","guid":{"rendered":"http:\/\/luma.3sheds-cie.ch\/?page_id=15"},"modified":"2026-04-28T11:19:32","modified_gmt":"2026-04-28T09:19:32","slug":"acceuil-2","status":"publish","type":"page","link":"https:\/\/luma.3sheds-cie.ch\/","title":{"rendered":"ACCUEIL"},"content":{"rendered":"<div class=\"et_pb_section_0 et_pb_section et_section_regular et_flex_section\">\n<div class=\"et_pb_row_0 et_pb_row et_flex_row\">\n<div class=\"et_pb_column_0 et_pb_column et-last-child et_flex_column et_pb_css_mix_blend_mode_passthrough et_flex_column_24_24 et_flex_column_24_24_tablet et_flex_column_24_24_phone\">\n<div class=\"et_pb_row_1 et_pb_row et_pb_row_nested et_flex_row\">\n<div class=\"et_pb_column_1 et_pb_column et_flex_column et_pb_css_mix_blend_mode_passthrough et_flex_column_12_24 et_flex_column_12_24_tablet et_flex_column_24_24_phone\">\n<div class=\"et_pb_menu_0 et_pb_menu et_pb_menu--without-logo et_pb_menu--style-left_aligned et_dropdown_animation_fade et_pb_bg_layout_light et_pb_text_align_right-tablet et_pb_text_align_right-phone et_pb_module et_flex_module\"><div class=\"et_pb_menu_inner_container et_flex_module\"><div class=\"et_pb_menu__wrap\"><div class=\"et_pb_menu__menu\"><nav class=\"et-menu-nav\"><ul id=\"menu-page-de-garde\" class=\"et-menu nav downwards\"><li id=\"menu-item-56\" class=\"et_pb_menu_page_id-home menu-item menu-item-type-post_type menu-item-object-page menu-item-home menu-item-56\"><a href=\"https:\/\/luma.3sheds-cie.ch\/\">ACCUEIL<\/a><\/li>\n<li id=\"menu-item-58\" class=\"et_pb_menu_page_id-32 menu-item menu-item-type-post_type menu-item-object-page menu-item-58\"><a href=\"https:\/\/luma.3sheds-cie.ch\/index.php\/galerie\/\">GALERIE<\/a><\/li>\n<li id=\"menu-item-57\" class=\"et_pb_menu_page_id-34 menu-item menu-item-type-post_type menu-item-object-page menu-item-57\"><a href=\"https:\/\/luma.3sheds-cie.ch\/index.php\/contact\/\">CONTACT<\/a><\/li>\n<\/ul><\/nav><\/div><div class=\"et_mobile_nav_menu\"><div class=\"mobile_nav closed\"><span class=\"mobile_menu_bar\"><\/span><\/div><\/div><\/div><\/div><\/div>\n<\/div>\n\n<div class=\"et_pb_column_2 et_pb_column et-last-child et_flex_column et_pb_css_mix_blend_mode_passthrough et_flex_column_12_24 et_flex_column_12_24_tablet et_flex_column_24_24_phone\">\n<div class=\"et_pb_image_0 et_pb_image et_pb_module et_flex_module\"><span class=\"et_pb_image_wrap\"><img loading=\"lazy\" decoding=\"async\" src=\"http:\/\/luma.3sheds-cie.ch\/wp-content\/uploads\/2026\/04\/Fichier-1.png\" title=\"Fichier 1\" width=\"784\" height=\"370\" srcset=\"http:\/\/luma.3sheds-cie.ch\/wp-content\/uploads\/2026\/04\/Fichier-1.png 784w, http:\/\/luma.3sheds-cie.ch\/wp-content\/uploads\/2026\/04\/Fichier-1-480x227.png 480w\" sizes=\"(min-width: 0px) and (max-width: 480px) 480px, (min-width: 481px) 784px, 100vw\" class=\"wp-image-19\" \/><\/span><\/div>\n<\/div>\n<\/div>\n<\/div>\n<\/div>\n<\/div>\n\n<div class=\"et_pb_section_1 et_pb_section et_section_regular et_flex_section preset--module--divi-section--m35sdid4er\">\n<div class=\"et_pb_row_2 et_pb_row et_flex_row\">\n<div class=\"et_pb_column_3 et_pb_column et-last-child et_flex_column et_pb_css_mix_blend_mode_passthrough et_flex_column_24_24 et_flex_column_24_24_tablet et_flex_column_24_24_phone\">\n<div class=\"et_pb_text_0 et_pb_text et_pb_bg_layout_light et_pb_module et_flex_module\"><div class=\"et_pb_text_inner\"><p>EXPLOITER LE CMS<\/p>\n<\/div><\/div>\n\n<div class=\"et_pb_text_1 et_pb_text et_pb_bg_layout_light et_pb_module et_flex_module\"><div class=\"et_pb_text_inner\"><p>PROJET AUTOUR DE SA PERSONNE<\/p>\n<\/div><\/div>\n\n<div class=\"et_pb_text_2 et_pb_text et_pb_bg_layout_light et_pb_module et_flex_module\"><div class=\"et_pb_text_inner\"><p>portfolio 04.2026<\/p>\n<\/div><\/div>\n<\/div>\n<\/div>\n<\/div>\n\n<div class=\"et_pb_section_2 et_pb_section et_section_regular et_flex_section\">\n<div class=\"et_pb_row_3 et_pb_row et_flex_row\">\n<div class=\"et_pb_column_4 et_pb_column et_flex_column et_pb_css_mix_blend_mode_passthrough et_flex_column_6_24 et_flex_column_6_24_tablet et_flex_column_24_24_phone\">\n<div class=\"et_pb_text_3 et_pb_text et_pb_bg_layout_light et_pb_module et_flex_module\"><div class=\"et_pb_text_inner\"><p>About<\/p>\n<p>me<\/p>\n<\/div><\/div>\n<\/div>\n\n<div class=\"et_pb_column_5 et_pb_column et-last-child et_flex_column et_pb_css_mix_blend_mode_passthrough et_flex_column_18_24 et_flex_column_18_24_tablet et_flex_column_24_24_phone\">\n<div class=\"et_pb_text_4 et_pb_text et_pb_bg_layout_light et_pb_module et_flex_module\"><div class=\"et_pb_text_inner\" data-et-mv-hidden-tablet=\"true\"><p style=\"padding-left: 80px;\">Je suis actuellement en formation de m\u00e9diamaticienne, un domaine qui correspond parfaitement \u00e0 ce qui m\u2019anime depuis toujours: cr\u00e9er, exp\u00e9rimenter et donner du sens \u00e0 des id\u00e9es \u00e0 travers l\u2019image.<\/p>\n<p style=\"padding-left: 80px;\">J\u2019aime tout ce qui touche \u00e0 la cr\u00e9ation visuelle, que ce soit le design graphique, la photographie ou encore le montage. Ce qui me pla\u00eet surtout, c\u2019est de pouvoir transformer une id\u00e9e en quelque chose de concret, qui communique et qui a un impact.<\/p>\n<p style=\"padding-left: 80px;\">En dehors de l\u2019\u00e9cole, je fais partie du collectif 555 Vagabond, o\u00f9 je participe \u00e0 l\u2019organisation d\u2019expositions et \u00e0 des projets artistiques. Cela me permet de sortir du cadre scolaire et de travailler sur des projets r\u00e9els, tout en d\u00e9veloppant mon sens de l\u2019initiative et du travail en \u00e9quipe.<\/p>\n<p style=\"padding-left: 80px;\">Je suis quelqu\u2019un de curieux, cr\u00e9atif et motiv\u00e9. J\u2019aime apprendre, tester de nouvelles choses et \u00e9voluer dans des environnements dynamiques o\u00f9 je peux m\u2019exprimer et progresser.<\/p>\n<\/div><\/div>\n<\/div>\n<\/div>\n<\/div>\n\n<div class=\"et_pb_section_3 et_pb_section et_section_regular et_flex_section\"><\/div>\n\n<div class=\"et_pb_section_4 et_pb_section et_section_regular et_flex_section\">\n<div class=\"et_pb_row_4 et_pb_row et_flex_row\">\n<div class=\"et_pb_column_6 et_pb_column et_flex_column et_pb_css_mix_blend_mode_passthrough et_flex_column_16_24 et_flex_column_16_24_tablet et_flex_column_24_24_phone\">\n<div class=\"et_pb_row_5 et_pb_row et_pb_row_nested et_flex_row\">\n<div class=\"et_pb_column_7 et_pb_column et-last-child et_flex_column et_pb_css_mix_blend_mode_passthrough et_flex_column_24_24 et_flex_column_24_24_tablet et_flex_column_24_24_phone\">\n<div class=\"et_pb_text_5 et_pb_text et_pb_bg_layout_light et_pb_module et_flex_module\"><div class=\"et_pb_text_inner\"><p>Finalement Pourquoi ces<br \/>Choix graphiques Et choix artistiques ?<\/p>\n<\/div><\/div>\n<\/div>\n<\/div>\n\n<div class=\"et_pb_text_6 et_pb_text et_pb_bg_layout_light et_pb_module et_flex_module\"><div class=\"et_pb_text_inner\"><p>Dans un premier temps, j\u2019ai voulu sortir de ma zone de confort, autant dans le choix de la palette de couleurs que dans celui du style du logo.<\/p>\n<p>J\u2019ai choisi un bleu doux ainsi qu\u2019un marron assez fonc\u00e9, car ces deux couleurs s\u2019accordent bien ensemble et cr\u00e9ent une palette visuelle agr\u00e9able et reposante. Le blanc fait \u00e9galement partie de ma palette, puisqu\u2019il permet d\u2019apporter de l\u2019espace, d\u2019a\u00e9rer le site et de mieux structurer les informations.<\/p>\n<p>Concernant la typographie, j\u2019ai utilis\u00e9 Helvetica pour les textes courants, car c\u2019est une police \u00e9pur\u00e9e, facile \u00e0 lire et sans empattement. Elle est particuli\u00e8rement adapt\u00e9e au num\u00e9rique gr\u00e2ce \u00e0 sa bonne lisibilit\u00e9, ce qui permet de rendre le contenu clair et accessible.<\/p>\n<p>Pour le logo, j\u2019ai choisi la typographie d\u00e9corative Poster Cut Neue, dont l\u2019aspect plus libre et plus croquis renforce le c\u00f4t\u00e9 exp\u00e9rimental et cr\u00e9atif de mon identit\u00e9 visuelle. Comme le but du site est de pr\u00e9senter ce que j\u2019ai r\u00e9alis\u00e9 ainsi que ce qui m\u2019int\u00e9resse, ce choix permet d\u2019appuyer une image plus personnelle et expressive. Le mot Trajectoire \u00e9voque le chemin parcouru \u00e0 travers mes exp\u00e9riences, ce que j\u2019ai d\u00e9j\u00e0 appris, mais aussi tout ce qu\u2019il me reste encore \u00e0 d\u00e9couvrir.<\/p>\n<p>J\u2019ai \u00e9galement associ\u00e9 une police plus script et \u00e9l\u00e9gante afin de cr\u00e9er un contraste avec Bebas Neue et Poster Cut Neue. Ce m\u00e9lange de styles permet d\u2019apporter plus de rythme, de personnalit\u00e9 et de dynamisme \u00e0 la mise en page.<br \/>Ainsi, mes choix graphiques traduisent \u00e0 la fois ma personnalit\u00e9, mon envie d\u2019explorer de nouvelles directions et l\u2019id\u00e9e d\u2019un parcours en constante \u00e9volution.<\/p>\n<\/div><\/div>\n<\/div>\n\n<div class=\"et_pb_column_8 et_pb_column et-last-child et_flex_column et_pb_css_mix_blend_mode_passthrough et_flex_column_8_24 et_flex_column_8_24_tablet et_flex_column_24_24_phone\">\n<div class=\"et_pb_image_1 et_pb_image et_pb_module et_flex_module\"><span class=\"et_pb_image_wrap\"><img loading=\"lazy\" decoding=\"async\" src=\"http:\/\/luma.3sheds-cie.ch\/wp-content\/uploads\/2026\/04\/compo-logo-expli.png\" title=\"compo-logo-expli\" width=\"362\" height=\"791\" srcset=\"https:\/\/luma.3sheds-cie.ch\/wp-content\/uploads\/2026\/04\/compo-logo-expli.png 362w, https:\/\/luma.3sheds-cie.ch\/wp-content\/uploads\/2026\/04\/compo-logo-expli-137x300.png 137w\" sizes=\"(max-width: 362px) 100vw, 362px\" class=\"wp-image-119\" \/><\/span><\/div>\n<\/div>\n<\/div>\n<\/div>\n\n<div class=\"et_pb_section_5 et_pb_section et_section_regular et_flex_section\">\n<div class=\"et_pb_row_6 et_pb_row et_flex_row\">\n<div class=\"et_pb_column_9 et_pb_column et-last-child et_flex_column et_pb_css_mix_blend_mode_passthrough et_flex_column_24_24 et_flex_column_24_24_tablet et_flex_column_24_24_phone\">\n<div class=\"et_pb_image_2 et_pb_image et_pb_module et_flex_module\"><span class=\"et_pb_image_wrap\"><img loading=\"lazy\" decoding=\"async\" src=\"http:\/\/luma.3sheds-cie.ch\/wp-content\/uploads\/2026\/04\/Fichier-1.png\" title=\"Fichier 1\" width=\"784\" height=\"370\" srcset=\"http:\/\/luma.3sheds-cie.ch\/wp-content\/uploads\/2026\/04\/Fichier-1.png 784w, http:\/\/luma.3sheds-cie.ch\/wp-content\/uploads\/2026\/04\/Fichier-1-480x227.png 480w\" sizes=\"(min-width: 0px) and (max-width: 480px) 480px, (min-width: 481px) 784px, 100vw\" class=\"wp-image-19\" \/><\/span><\/div>\n<\/div>\n<\/div>\n<\/div>","protected":false},"excerpt":{"rendered":"","protected":false},"author":1,"featured_media":0,"parent":0,"menu_order":1,"comment_status":"closed","ping_status":"closed","template":"page-template-blank.php","meta":{"footnotes":""},"class_list":["post-15","page","type-page","status-publish","hentry"],"_links":{"self":[{"href":"https:\/\/luma.3sheds-cie.ch\/index.php\/wp-json\/wp\/v2\/pages\/15","targetHints":{"allow":["GET"]}}],"collection":[{"href":"https:\/\/luma.3sheds-cie.ch\/index.php\/wp-json\/wp\/v2\/pages"}],"about":[{"href":"https:\/\/luma.3sheds-cie.ch\/index.php\/wp-json\/wp\/v2\/types\/page"}],"author":[{"embeddable":true,"href":"https:\/\/luma.3sheds-cie.ch\/index.php\/wp-json\/wp\/v2\/users\/1"}],"replies":[{"embeddable":true,"href":"https:\/\/luma.3sheds-cie.ch\/index.php\/wp-json\/wp\/v2\/comments?post=15"}],"version-history":[{"count":80,"href":"https:\/\/luma.3sheds-cie.ch\/index.php\/wp-json\/wp\/v2\/pages\/15\/revisions"}],"predecessor-version":[{"id":298,"href":"https:\/\/luma.3sheds-cie.ch\/index.php\/wp-json\/wp\/v2\/pages\/15\/revisions\/298"}],"wp:attachment":[{"href":"https:\/\/luma.3sheds-cie.ch\/index.php\/wp-json\/wp\/v2\/media?parent=15"}],"curies":[{"name":"wp","href":"https:\/\/api.w.org\/{rel}","templated":true}]}}